{"id":246,"date":"2021-06-19T19:54:49","date_gmt":"2021-06-19T19:54:49","guid":{"rendered":"http:\/\/fauconstir.com.qcgoofball.ca\/?page_id=246"},"modified":"2025-07-01T17:46:15","modified_gmt":"2025-07-01T17:46:15","slug":"membres-du-conseil-dadministration","status":"publish","type":"page","link":"http:\/\/fauconstir.com.qcgoofball.ca\/?page_id=246","title":{"rendered":"Membres du conseil d&rsquo;administration"},"content":{"rendered":"\n<p>Le conseil d&rsquo;administration du Club de tir les Faucons du T\u00e9miscamingue Inc. est compos\u00e9 de 15 administrateurs-directeurs dont un pr\u00e9sident, un vice-pr\u00e9sident, une secr\u00e9taire-tr\u00e9sori\u00e8re, qui b\u00e9n\u00e9volement organisent, planifient et g\u00e8rent le champ de tir ainsi que les revenus-d\u00e9penses. Cet organisme \u00e0 but non lucratif s&rsquo;assure de fournir un lieu s\u00e9curitaire \u00e0 la pratique du tir \u00e0 la cible et du tir sportif (comp\u00e9tition). Il a le mandat de dispenser le cours canadien de s\u00e9curit\u00e9 dans le maniement d&rsquo;arme \u00e0 feu (CCSMAF) ainsi que le cours canadien de s\u00e9curit\u00e9 du maniement d&rsquo;arme \u00e0 feu \u00e0 autorisation restreinte (CCSMAFAR).<\/p>\n\n\n\n<p>Le cours d&rsquo;arc et\/ou arbal\u00e8te (ICAA) et le cours de chasse \u00e0 l&rsquo;arme \u00e0 feu (ICAF) sont maintenant disponibles en ligne ainsi que le cours de s\u00e9curit\u00e9 nautique, v\u00e9rifiez le site de la F\u00e9d\u00e9CP pour plus d&rsquo;information.<\/p>\n\n\n\n<p><strong>Pr\u00e9sentations du conseil d&rsquo;administration:<\/strong><\/p>\n\n\n\n<p><strong>Wallace Metcalfe<\/strong>, pr\u00e9sident, responsable de l&rsquo;exploitation du champ de tir et des armes de poing<\/p>\n\n\n\n<p><strong>Genevi\u00e8ve Pinard<\/strong>, secr\u00e9taire-tr\u00e9sori\u00e8re, responsable-moniteur cours, responsable des communications, responsable tir \u00e0 l&rsquo;arc<\/p>\n\n\n\n<p><strong>Mario Pinard<\/strong>, vice-pr\u00e9sident par int\u00e9rim, responsable des officiels de tir et du pigeon d&rsquo;argile<\/p>\n\n\n\n<p><strong>Robert Roy<\/strong>, responsable petit calibre<\/p>\n\n\n\n<p> <strong>Fr\u00e9d\u00e9ric Lavoie<\/strong>, responsable carte de membre <\/p>\n\n\n\n<p><strong>\u00c9ric Roy<\/strong>, responsables du gros calibre<\/p>\n\n\n\n<p><strong>Patrick Manseau<\/strong>, administrateur<\/p>\n\n\n\n<p><strong>Jo\u00ebl Brousseau<\/strong>, administratrice<\/p>\n\n\n\n<p><strong>Robert Plouffe<\/strong>, administrateur<\/p>\n\n\n\n<p><strong>William B\u00e9land<\/strong>, administrateur<\/p>\n\n\n\n<p><strong>Caroline Tremblay<\/strong>, administratrice<\/p>\n\n\n\n<p>Postes vacants , les personnes int\u00e9ress\u00e9es \u00e0 s&rsquo;impliquer au sein du conseil doivent \u00eatre membre depuis au moins un (1) an, avoir particip\u00e9 aux activit\u00e9s b\u00e9n\u00e9volement pendant la derni\u00e8re ann\u00e9e et \u00eatre pr\u00eat \u00e0 s&rsquo;investir dans le Club de tir les Faucons du T\u00e9miscamingue Inc. \u00e0 raison d&rsquo;un minimum de 6 r\u00e9unions par an. Les personnes int\u00e9ress\u00e9es doivent se pr\u00e9senter \u00e0 une rencontre ou \u00e9crire une lettre de motivation au conseil. <em><strong>5 POSTE DISPONIBLE EN DATE DU 20<\/strong><\/em><strong>25-07-01<\/strong><\/p>\n","protected":false},"excerpt":{"rendered":"<p>Le conseil d&rsquo;administration du Club de tir les Faucons du T\u00e9miscamingue Inc. est compos\u00e9 de 15 administrateurs-directeurs dont un pr\u00e9sident, un vice-pr\u00e9sident, une secr\u00e9taire-tr\u00e9sori\u00e8re, qui b\u00e9n\u00e9volement organisent, planifient et g\u00e8rent le champ de tir ainsi que les revenus-d\u00e9penses. Cet organisme \u00e0 but non lucratif s&rsquo;assure de fournir un lieu s\u00e9curitaire \u00e0 la pratique du tir [&hellip;]<\/p>\n","protected":false},"author":2,"featured_media":0,"parent":0,"menu_order":0,"comment_status":"closed","ping_status":"closed","template":"","meta":{"footnotes":""},"class_list":["post-246","page","type-page","status-publish","hentry"],"_links":{"self":[{"href":"http:\/\/fauconstir.com.qcgoofball.ca\/index.php?rest_route=\/wp\/v2\/pages\/246","targetHints":{"allow":["GET"]}}],"collection":[{"href":"http:\/\/fauconstir.com.qcgoofball.ca\/index.php?rest_route=\/wp\/v2\/pages"}],"about":[{"href":"http:\/\/fauconstir.com.qcgoofball.ca\/index.php?rest_route=\/wp\/v2\/types\/page"}],"author":[{"embeddable":true,"href":"http:\/\/fauconstir.com.qcgoofball.ca\/index.php?rest_route=\/wp\/v2\/users\/2"}],"replies":[{"embeddable":true,"href":"http:\/\/fauconstir.com.qcgoofball.ca\/index.php?rest_route=%2Fwp%2Fv2%2Fcomments&post=246"}],"version-history":[{"count":10,"href":"http:\/\/fauconstir.com.qcgoofball.ca\/index.php?rest_route=\/wp\/v2\/pages\/246\/revisions"}],"predecessor-version":[{"id":303,"href":"http:\/\/fauconstir.com.qcgoofball.ca\/index.php?rest_route=\/wp\/v2\/pages\/246\/revisions\/303"}],"wp:attachment":[{"href":"http:\/\/fauconstir.com.qcgoofball.ca\/index.php?rest_route=%2Fwp%2Fv2%2Fmedia&parent=246"}],"curies":[{"name":"wp","href":"https:\/\/api.w.org\/{rel}","templated":true}]}}