{"id":19,"date":"2015-07-07T22:07:49","date_gmt":"2015-07-07T22:07:49","guid":{"rendered":"http:\/\/fauconstir.com.qcgoofball.ca\/?page_id=19"},"modified":"2025-07-01T17:43:23","modified_gmt":"2025-07-01T17:43:23","slug":"formation","status":"publish","type":"page","link":"http:\/\/fauconstir.com.qcgoofball.ca\/?page_id=19","title":{"rendered":"Formation"},"content":{"rendered":"<p><strong><em>Veuillez noter que notre club\u00a0 forme les personnes int\u00e9ress\u00e9es par le cours CSMAFAR (arme de poing). Il vous est possible de vous inscrire \u00e0 la formation sur le site internet de la F\u00e9d\u00e9CP.<\/em><\/strong><\/p>\n<p><strong><em>Veuillez noter que <span style=\"color: #993300;\">toutes les inscriptions<\/span> au cours CCSMAF se font par le portait de la F\u00c9D\u00c9CP dans l&rsquo;onglet \u00ab\u00a0Trouver un cours\u00a0\u00bb. Seul le CCSMAF est donn\u00e9 en classe, le ICAF et ICAA se font en ligne.<\/em><\/strong><\/p>\n<p><em>Vous pouvez joindre la monitrice, madame Pinard, par courriel au fauconstir@outlook.com pour toutes questions.<\/em><\/p>\n<h2><strong>Cours 2025: 12 avril &amp; 6 septembre.<\/strong><\/h2>\n<div class=\"entry-content\">\n<h2 id=\"CCSMAF\"><strong>CCSMAF (cours canadien de s\u00e9curit\u00e9 dans le maniement des armes \u00e0 feu)<span style=\"color: #993300;\">en classe<\/span><\/strong><\/h2>\n<p>Ce cours est offert par la F\u00e9d\u00e9ration qu\u00e9b\u00e9coise des chasseurs et p\u00eacheurs.<\/p>\n<p>Il est obligatoire de r\u00e9ussir ce cours pour l\u2019obtention d\u2019un Permis de Possession et d\u2019Acquisition d\u2019armes \u00e0 feu (PAL). Si vous d\u00e9sirez chasser vous devez r\u00e9ussir ce cours, en plus du cours ICAF pour pouvoir recevoir le certificat de chasseur \u00e0 l\u2019arme \u00e0 feu.<\/p>\n<p><strong>Cours canadien de s\u00e9curit\u00e9 dans le maniement des armes \u00e0 feu CSMAF<\/strong><\/p>\n<p>Le Cours canadien de s\u00e9curit\u00e9 dans le maniement des armes \u00e0 feu (CCSMAF) a \u00e9t\u00e9 \u00e9labor\u00e9 en collaboration avec les provinces et territoires, les organismes nationaux et instructeurs qui manifestent un int\u00e9r\u00eat continu \u00e0 l&rsquo;\u00e9gard du maniement s\u00e9curitaire des armes \u00e0 feu et pour la s\u00e9curit\u00e9 des chasseurs. Le contenu de ce cours est contr\u00f4l\u00e9 et approuv\u00e9 par le Programme canadien des armes \u00e0 feu (PCAF) de la Gendarmerie royale du Canada, et a \u00e9t\u00e9 con\u00e7u de fa\u00e7on \u00e0 respecter les exigences obligatoires de <a href=\"http:\/\/laws-lois.justice.gc.ca\/fra\/lois\/F-11.6\/page-3.html#docCont\">l&rsquo;article\u00a07<\/a> de la <em>Loi sur les armes \u00e0 feu<\/em>.<\/p>\n<p>Pour avoir droit \u00e0 pr\u00e9senter une demande de permis de possession et d&rsquo;acquisition, la participation en classe au CCSMAF est obligatoire pour tous les demandeurs d&rsquo;un premier permis Apr\u00e8s avoir suivi le cours, les candidats devront r\u00e9ussir les examens.<\/p>\n<p><strong>Les sujets suivants sont abord\u00e9s dans le CCSMAF\u00a0:<\/strong><\/p>\n<ul>\n<li>l&rsquo;\u00e9volution des armes \u00e0 feu, les principaux \u00e9l\u00e9ments, les types d&rsquo;armes \u00e0 feu et les m\u00e9canismes;<\/li>\n<li>les pratiques de base dans le maniement s\u00e9curitaire des armes \u00e0 feu;<\/li>\n<li>les munitions;<\/li>\n<li>le fonctionnement des m\u00e9canismes d&rsquo;armes \u00e0 feu;<\/li>\n<li>les proc\u00e9dures de maniement et de transport s\u00e9curitaires;<\/li>\n<li>les techniques et les m\u00e9thodes de tir;<\/li>\n<li>le soin des armes \u00e0 feu sans restrictions;<\/li>\n<li>les responsabilit\u00e9s des propri\u00e9taires et des utilisateurs d&rsquo;armes \u00e0 feu;<\/li>\n<li>l&rsquo;entreposage, l&rsquo;exposition, le transport et le maniement s\u00e9curitaires des armes \u00e0 feu sans restrictions. Vous devez suivre les deux cours suivants (sur deux jours):<\/li>\n<li><strong>Le certificat du chasseur pour l&rsquo;arme \u00e0 feu.<\/strong><\/li>\n<\/ul>\n<ul>\n<li><strong>CCSMAF<\/strong> (Cours canadien de s\u00e9curit\u00e9 dans le maniement des armes \u00e0 feu) se donne en pr\u00e9sentiel, <strong>en classe<\/strong>, car il y a manipulation d&rsquo;arme.<\/li>\n<li><strong>ICAF<\/strong> (Initiation \u00e0 la chasse avec arme \u00e0 feu) <strong>en ligne seulement<\/strong><\/li>\n<\/ul>\n<p>Certification obtenue suite \u00e0 la r\u00e9ussite de ces deux cours :<\/p>\n<p>Le\u00a0<strong>Certificat du chasseur et du pi\u00e9geur<\/strong>\u00a0est un document \u00e9mis par le minist\u00e8re des For\u00eat, de la Faune et des Parcs (MFFP). Vous devez le pr\u00e9senter au moment d\u2019acheter un permis de chasse aupr\u00e8s d\u2019un agent de vente agr\u00e9\u00e9 par le MFFP. On l\u2019obtient automatiquement apr\u00e8s avoir compl\u00e9t\u00e9 au Qu\u00e9bec, les cours conjoints CCSMAF et ICAF, ou apr\u00e8s avoir compl\u00e9t\u00e9 le cours ICAA.<\/p>\n<p>Le certificat du chasseur porte des codes qui vous autorisent \u00e0 chasser avec certains engins de chasse :<\/p>\n<ul>\n<li><strong>code F<\/strong>\u00a0: arme \u00e0 feu; (<strong>Code obtenue suite \u00e0 la r\u00e9ussite des cours conjoints CCSMAF-ICAF<\/strong>)<\/li>\n<li><strong>code B<\/strong> : arbal\u00e8te (<strong>Code obtenue suite \u00e0 la r\u00e9ussite des cours conjoints ICAA<\/strong>)<\/li>\n<li><strong>code A<\/strong> : arc ET arbal\u00e8te (<strong>Code obtenue suite \u00e0 la r\u00e9ussite des cours conjoints ICAA et pratique<\/strong>)<\/li>\n<\/ul>\n<p>Ces codes se retrouvent aussi sur votre permis de chasse.<\/p>\n<p>Le Certificat du chasseur (ou le Certificat de r\u00e9ussite) est aussi requis, au Qu\u00e9bec, pour compl\u00e9ter un formulaire de demande de Permis de Possession et acquisition d\u2019arme \u00e0 feu (PPA).<\/p>\n<\/div>\n<div class=\"entry-content\">\n<p>Les cours provinciaux<strong> ICAF et ICAA<\/strong> sont disponibles en ligne seulement sur le site de la F\u00c9D\u00c9CP, \u00e0 l&rsquo;onglet trouver une formation.<\/p>\n<\/div>\n","protected":false},"excerpt":{"rendered":"<p>Veuillez noter que notre club\u00a0 forme les personnes int\u00e9ress\u00e9es par le cours CSMAFAR (arme de poing). Il vous est possible de vous inscrire \u00e0 la formation sur le site internet de la F\u00e9d\u00e9CP. Veuillez noter que toutes les inscriptions au cours CCSMAF se font par le portait de la F\u00c9D\u00c9CP dans l&rsquo;onglet \u00ab\u00a0Trouver un cours\u00a0\u00bb. [&hellip;]<\/p>\n","protected":false},"author":1,"featured_media":0,"parent":0,"menu_order":0,"comment_status":"open","ping_status":"open","template":"","meta":{"footnotes":""},"class_list":["post-19","page","type-page","status-publish","hentry"],"_links":{"self":[{"href":"http:\/\/fauconstir.com.qcgoofball.ca\/index.php?rest_route=\/wp\/v2\/pages\/19","targetHints":{"allow":["GET"]}}],"collection":[{"href":"http:\/\/fauconstir.com.qcgoofball.ca\/index.php?rest_route=\/wp\/v2\/pages"}],"about":[{"href":"http:\/\/fauconstir.com.qcgoofball.ca\/index.php?rest_route=\/wp\/v2\/types\/page"}],"author":[{"embeddable":true,"href":"http:\/\/fauconstir.com.qcgoofball.ca\/index.php?rest_route=\/wp\/v2\/users\/1"}],"replies":[{"embeddable":true,"href":"http:\/\/fauconstir.com.qcgoofball.ca\/index.php?rest_route=%2Fwp%2Fv2%2Fcomments&post=19"}],"version-history":[{"count":17,"href":"http:\/\/fauconstir.com.qcgoofball.ca\/index.php?rest_route=\/wp\/v2\/pages\/19\/revisions"}],"predecessor-version":[{"id":301,"href":"http:\/\/fauconstir.com.qcgoofball.ca\/index.php?rest_route=\/wp\/v2\/pages\/19\/revisions\/301"}],"wp:attachment":[{"href":"http:\/\/fauconstir.com.qcgoofball.ca\/index.php?rest_route=%2Fwp%2Fv2%2Fmedia&parent=19"}],"curies":[{"name":"wp","href":"https:\/\/api.w.org\/{rel}","templated":true}]}}